{"id":34,"date":"2021-06-22T20:14:50","date_gmt":"2021-06-22T20:14:50","guid":{"rendered":"https:\/\/sprintgift.pl\/?page_id=34"},"modified":"2021-06-22T20:14:50","modified_gmt":"2021-06-22T20:14:50","slug":"o-nas","status":"publish","type":"page","link":"https:\/\/sprintgift.pl\/index.php\/o-nas\/","title":{"rendered":"O nas"},"content":{"rendered":"\n<p>Sprint Gift to marka dla Ciebie. Na stronie Sprint Gift znajdziesz najnowsze promocje i propozycje z okazji dnia kobiet, dnia ch\u0142opaka, walentynek, imienin czy urodzin. Sprint Gift to miejsce gdzie mo\u017cesz spersonalizowa\u0107 prezent dla ukochanej osoby. Wybrany gift mo\u017ce by\u0107 romantycznym prezentem lub zabawn\u0105 niespodziank\u0105. Ka\u017cdy produkt mo\u017cesz kupi\u0107 ju\u017c od jednej sztuki i spersonalizowa\u0107 go tak, by by\u0142 wyj\u0105tkowy i zapad\u0142 w pami\u0119\u0107 na d\u0142ugo.<br>Zam\u00f3wienia znakujemy m.in. za pomoc\u0105 sitodruku, graweru czy haftu. Wraz z naszymi partnerami biznesowymi dysponujemy najnowszym parkiem maszynowym. Naszej jako\u015bci produkty b\u0119d\u0105 mi\u0142ym akcentem danego wydarzenia.<\/p>\n\n\n\n<p>Niebawem przedstawimy cz\u0119\u015b\u0107 naszej oferty. Za to ju\u017c teraz mo\u017cesz wys\u0142a\u0107 zapytanie wymarzony gad\u017cet, kt\u00f3ry umili Wam wiecz\u00f3r. My go wycenimy, spersonalizujemy i dostarczymy do Ciebie by dotar\u0142 na czas. Warunkiem jest, by\u015b nie chcia\u0142 go na wczoraj. Na li\u015bcie \u015bwiadczonych us\u0142ug nie ma zaginania czasoprzestrzeni \ud83d\ude09<\/p>\n\n\n\n<p>Do najpopularniejszych prezent\u00f3w nale\u017c\u0105 poduszki i koszulki ze zdj\u0119ciem, puzzle, drewniane pude\u0142ka na alkohol, kubki i wiele, wiele innych.<br>Widzimy si\u0119 na stronie! Mo\u017cesz te\u017c odwiedzi\u0107 fanpage, je\u015bli tak Ci wygodniej \ud83d\ude0a<\/p>\n","protected":false},"excerpt":{"rendered":"<p>Sprint Gift to marka dla Ciebie. Na stronie Sprint Gift znajdziesz najnowsze promocje i propozycje z okazji dnia kobiet, dnia ch\u0142opaka, walentynek, imienin czy urodzin. Sprint Gift to miejsce gdzie mo\u017cesz spersonalizowa\u0107 prezent dla ukochanej osoby. Wybrany gift mo\u017ce by\u0107 romantycznym prezentem lub zabawn\u0105 niespodziank\u0105. Ka\u017cdy produkt mo\u017cesz kupi\u0107 ju\u017c od jednej sztuki i spersonalizowa\u0107 &hellip; <\/p>\n<p class=\"link-more\"><a href=\"https:\/\/sprintgift.pl\/index.php\/o-nas\/\" class=\"more-link\">Czytaj dalej<span class=\"screen-reader-text\"> \u201eO nas\u201d<\/span><\/a><\/p>\n","protected":false},"author":1,"featured_media":0,"parent":0,"menu_order":0,"comment_status":"closed","ping_status":"closed","template":"","meta":{"footnotes":""},"class_list":["post-34","page","type-page","status-publish","hentry"],"_links":{"self":[{"href":"https:\/\/sprintgift.pl\/index.php\/wp-json\/wp\/v2\/pages\/34","targetHints":{"allow":["GET"]}}],"collection":[{"href":"https:\/\/sprintgift.pl\/index.php\/wp-json\/wp\/v2\/pages"}],"about":[{"href":"https:\/\/sprintgift.pl\/index.php\/wp-json\/wp\/v2\/types\/page"}],"author":[{"embeddable":true,"href":"https:\/\/sprintgift.pl\/index.php\/wp-json\/wp\/v2\/users\/1"}],"replies":[{"embeddable":true,"href":"https:\/\/sprintgift.pl\/index.php\/wp-json\/wp\/v2\/comments?post=34"}],"version-history":[{"count":1,"href":"https:\/\/sprintgift.pl\/index.php\/wp-json\/wp\/v2\/pages\/34\/revisions"}],"predecessor-version":[{"id":35,"href":"https:\/\/sprintgift.pl\/index.php\/wp-json\/wp\/v2\/pages\/34\/revisions\/35"}],"wp:attachment":[{"href":"https:\/\/sprintgift.pl\/index.php\/wp-json\/wp\/v2\/media?parent=34"}],"curies":[{"name":"wp","href":"https:\/\/api.w.org\/{rel}","templated":true}]}}